{"id":194,"date":"2015-11-05T08:59:40","date_gmt":"2015-11-05T08:59:40","guid":{"rendered":"http:\/\/csrlog.com\/?page_id=194"},"modified":"2015-12-10T14:43:13","modified_gmt":"2015-12-10T14:43:13","slug":"tamogatas","status":"publish","type":"page","link":"https:\/\/csrlog.com\/en\/tamogatas\/","title":{"rendered":"Sponsorships","raw":"Sponsorships"},"content":{"rendered":"<p style=\"text-align: center;\">Our company supports several sports associations.<\/p>\n<p style=\"text-align: center;\"><a href=\"http:\/\/csrlog.com\/wp-content\/uploads\/2015\/11\/vizilabda.jpg\"><img loading=\"lazy\" decoding=\"async\" class=\"alignnone size-large wp-image-197\" src=\"http:\/\/csrlog.com\/wp-content\/uploads\/2015\/11\/vizilabda-1024x683.jpg\" alt=\"vizilabda\" width=\"640\" height=\"427\" srcset=\"https:\/\/csrlog.com\/wp-content\/uploads\/2015\/11\/vizilabda-1024x683.jpg 1024w, https:\/\/csrlog.com\/wp-content\/uploads\/2015\/11\/vizilabda-300x200.jpg 300w, https:\/\/csrlog.com\/wp-content\/uploads\/2015\/11\/vizilabda.jpg 1368w\" sizes=\"auto, (max-width: 640px) 100vw, 640px\" \/><\/a><\/p>\n<p style=\"text-align: center;\"><a href=\"http:\/\/csrlog.com\/wp-content\/uploads\/2015\/11\/kezilabda.jpg\"><img loading=\"lazy\" decoding=\"async\" class=\"alignnone size-full wp-image-196\" src=\"http:\/\/csrlog.com\/wp-content\/uploads\/2015\/11\/kezilabda.jpg\" alt=\"kezilabda\" width=\"960\" height=\"540\" srcset=\"https:\/\/csrlog.com\/wp-content\/uploads\/2015\/11\/kezilabda.jpg 960w, https:\/\/csrlog.com\/wp-content\/uploads\/2015\/11\/kezilabda-300x169.jpg 300w\" sizes=\"auto, (max-width: 960px) 100vw, 960px\" \/><\/a><\/p>\n","protected":false,"raw":"<p style=\"text-align: center;\">Our company supports several sports associations.<\/p>\r\n<p style=\"text-align: center;\"><a href=\"http:\/\/csrlog.com\/wp-content\/uploads\/2015\/11\/vizilabda.jpg\"><img class=\"alignnone size-large wp-image-197\" src=\"http:\/\/csrlog.com\/wp-content\/uploads\/2015\/11\/vizilabda-1024x683.jpg\" alt=\"vizilabda\" width=\"640\" height=\"427\" \/><\/a><\/p>\r\n<p style=\"text-align: center;\"><a href=\"http:\/\/csrlog.com\/wp-content\/uploads\/2015\/11\/kezilabda.jpg\"><img class=\"alignnone size-full wp-image-196\" src=\"http:\/\/csrlog.com\/wp-content\/uploads\/2015\/11\/kezilabda.jpg\" alt=\"kezilabda\" width=\"960\" height=\"540\" \/><\/a><\/p>"},"excerpt":{"rendered":"","protected":false,"raw":""},"author":1,"featured_media":197,"parent":0,"menu_order":0,"comment_status":"closed","ping_status":"closed","template":"","meta":{"_hu_post_content":"<p style=\"text-align: center;\">C\u00e9g\u00fcnk t\u00f6bb k\u00f6rny\u00e9kbeli sportegyes\u00fcletet is t\u00e1mogat.<\/p>\r\n<p style=\"text-align: center;\"><a href=\"http:\/\/csrlog.com\/wp-content\/uploads\/2015\/11\/vizilabda.jpg\"><img class=\"alignnone size-large wp-image-197\" src=\"http:\/\/csrlog.com\/wp-content\/uploads\/2015\/11\/vizilabda-1024x683.jpg\" alt=\"vizilabda\" width=\"640\" height=\"427\" \/><\/a><\/p>\r\n<p style=\"text-align: center;\"><a href=\"http:\/\/csrlog.com\/wp-content\/uploads\/2015\/11\/kezilabda.jpg\"><img class=\"alignnone size-full wp-image-196\" src=\"http:\/\/csrlog.com\/wp-content\/uploads\/2015\/11\/kezilabda.jpg\" alt=\"kezilabda\" width=\"960\" height=\"540\" \/><\/a><\/p>","_hu_post_name":"tamogatas","_hu_post_excerpt":"","_hu_post_title":"T\u00e1mogat\u00e1s","_de_post_content":"<p style=\"text-align: center;\">Unser Unternehmen unterst\u00fctzt mehrere Sportvereine.<\/p>\r\n<p style=\"text-align: center;\"><a href=\"http:\/\/csrlog.com\/wp-content\/uploads\/2015\/11\/vizilabda.jpg\"><img class=\"alignnone size-large wp-image-197\" src=\"http:\/\/csrlog.com\/wp-content\/uploads\/2015\/11\/vizilabda-1024x683.jpg\" alt=\"vizilabda\" width=\"640\" height=\"427\" \/><\/a><\/p>\r\n<p style=\"text-align: center;\"><a href=\"http:\/\/csrlog.com\/wp-content\/uploads\/2015\/11\/kezilabda.jpg\"><img class=\"alignnone size-full wp-image-196\" src=\"http:\/\/csrlog.com\/wp-content\/uploads\/2015\/11\/kezilabda.jpg\" alt=\"kezilabda\" width=\"960\" height=\"540\" \/><\/a><\/p>","_de_post_name":"sport-patenschaft","_de_post_excerpt":"","_de_post_title":"Sport-patenschaft","_en_post_content":"<p style=\"text-align: center;\">Our company supports several sports associations.<\/p>\r\n<p style=\"text-align: center;\"><a href=\"http:\/\/csrlog.com\/wp-content\/uploads\/2015\/11\/vizilabda.jpg\"><img class=\"alignnone size-large wp-image-197\" src=\"http:\/\/csrlog.com\/wp-content\/uploads\/2015\/11\/vizilabda-1024x683.jpg\" alt=\"vizilabda\" width=\"640\" height=\"427\" \/><\/a><\/p>\r\n<p style=\"text-align: center;\"><a href=\"http:\/\/csrlog.com\/wp-content\/uploads\/2015\/11\/kezilabda.jpg\"><img class=\"alignnone size-full wp-image-196\" src=\"http:\/\/csrlog.com\/wp-content\/uploads\/2015\/11\/kezilabda.jpg\" alt=\"kezilabda\" width=\"960\" height=\"540\" \/><\/a><\/p>","_en_post_name":"tamogatas","_en_post_excerpt":"","_en_post_title":"Sponsorships","edit_language":"en","footnotes":""},"class_list":["post-194","page","type-page","status-publish","has-post-thumbnail","hentry"],"_links":{"self":[{"href":"https:\/\/csrlog.com\/en\/wp-json\/wp\/v2\/pages\/194","targetHints":{"allow":["GET"]}}],"collection":[{"href":"https:\/\/csrlog.com\/en\/wp-json\/wp\/v2\/pages"}],"about":[{"href":"https:\/\/csrlog.com\/en\/wp-json\/wp\/v2\/types\/page"}],"author":[{"embeddable":true,"href":"https:\/\/csrlog.com\/en\/wp-json\/wp\/v2\/users\/1"}],"replies":[{"embeddable":true,"href":"https:\/\/csrlog.com\/en\/wp-json\/wp\/v2\/comments?post=194"}],"version-history":[{"count":6,"href":"https:\/\/csrlog.com\/en\/wp-json\/wp\/v2\/pages\/194\/revisions"}],"predecessor-version":[{"id":247,"href":"https:\/\/csrlog.com\/en\/wp-json\/wp\/v2\/pages\/194\/revisions\/247"}],"wp:featuredmedia":[{"embeddable":true,"href":"https:\/\/csrlog.com\/en\/wp-json\/wp\/v2\/media\/197"}],"wp:attachment":[{"href":"https:\/\/csrlog.com\/en\/wp-json\/wp\/v2\/media?parent=194"}],"curies":[{"name":"wp","href":"https:\/\/api.w.org\/{rel}","templated":true}]}}