{"id":170,"date":"2015-11-05T08:24:19","date_gmt":"2015-11-05T08:24:19","guid":{"rendered":"http:\/\/csrlog.com\/?page_id=170"},"modified":"2015-12-10T14:37:00","modified_gmt":"2015-12-10T14:37:00","slug":"about-us-3","status":"publish","type":"page","link":"https:\/\/csrlog.com\/en\/about-us-3\/","title":{"rendered":"About us","raw":"About us"},"content":{"rendered":"<p style=\"font-weight: 100;\">Seit der Gr\u00fcndung in 2011 steht der Name Truck Logisztika f\u00fcr zuverl\u00e4ssige und flexible Transporte und Logistikleistungen. Unseren Leistungskatalog haben wie seitdem st\u00e4ndig erweitert.\u00a0 Die individuelle und partnerschaftliche Betreuung der gro\u00dfen und kleinen Kunden hat uns einen nachhaltig zufriedenen Kundenstamm aus den verschiedenen Bereichen beschert.<\/p>\n<p style=\"font-weight: 100;\">Unsere Spezialit\u00e4t sind die Teilladungen, Kurier- und Sonderfahrten. Wegen unserer geografischen Ungebundenheit k\u00f6nnen wir Ihnen Transporte europaweit anbieten.<\/p>\n","protected":false,"raw":"<p style=\"font-weight: 100;\">Seit der Gr\u00fcndung in 2011 steht der Name Truck Logisztika f\u00fcr zuverl\u00e4ssige und flexible Transporte und Logistikleistungen. Unseren Leistungskatalog haben wie seitdem st\u00e4ndig erweitert.\u00a0 Die individuelle und partnerschaftliche Betreuung der gro\u00dfen und kleinen Kunden hat uns einen nachhaltig zufriedenen Kundenstamm aus den verschiedenen Bereichen beschert.<\/p>\r\n<p style=\"font-weight: 100;\">Unsere Spezialit\u00e4t sind die Teilladungen, Kurier- und Sonderfahrten. Wegen unserer geografischen Ungebundenheit k\u00f6nnen wir Ihnen Transporte europaweit anbieten.<\/p>"},"excerpt":{"rendered":"","protected":false,"raw":""},"author":1,"featured_media":0,"parent":0,"menu_order":0,"comment_status":"closed","ping_status":"closed","template":"","meta":{"_hu_post_content":"A tulajdonosok multinacion\u00e1lis v\u00e1llalatokn\u00e1l elt\u00f6lt\u00f6tt t\u00f6bb mint 15 \u00e9v ut\u00e1n \u00f6n\u00e1ll\u00f3 v\u00e1llalkoz\u00e1st ind\u00edtottak. T\u00e1rsas\u00e1gunk 2011-ben alakult, 100%-ban mag\u00e1ntulajdon\u00fa v\u00e1llalkoz\u00e1sk\u00e9nt m\u0171k\u00f6dik, f\u0151 tev\u00e9kenys\u00e9ge a nemzetk\u00f6zi k\u00f6z\u00fati sz\u00e1ll\u00edtm\u00e1nyoz\u00e1s.\r\n\r\nMagasan kvalifik\u00e1lt, lend\u00fcletes \u00e9s tapasztalt munkat\u00e1rsaink, nemzetk\u00f6zi kapcsolataink, sz\u00e9les szolg\u00e1ltat\u00e1si palett\u00e1nk, illetve kiterjedt megb\u00edz\u00f3i, alv\u00e1llalkoz\u00f3i k\u00f6r\u00fcnk szavatolja a legmagasabb min\u0151s\u00e9gi elv\u00e1r\u00e1soknak megfelel\u0151bb szolg\u00e1ltat\u00e1st.\r\n\r\nSz\u00e1ll\u00edtm\u00e1nyoz\u00e1si tev\u00e9kenys\u00e9g\u00fcnk k\u00f6z\u00e9ppontj\u00e1ban szolg\u00e1ltat\u00e1sunk min\u0151s\u00e9ge \u00e1ll, amely biztos\u00edtja versenyk\u00e9pess\u00e9g\u00fcnket, vev\u0151ink megel\u00e9gedetts\u00e9g\u00e9t. Arra t\u00f6reksz\u00fcnk, hogy a min\u0151s\u00e9gi sz\u00ednvonalat folyamatosan emelj\u00fck \u00e9s jav\u00edtsuk.\r\n\r\nGondosan kiv\u00e1lasztott partnereink seg\u00edts\u00e9g\u00e9vel, szolg\u00e1ltat\u00e1sink b\u0151v\u00edt\u00e9s\u00e9vel c\u00e9lunk egy stabil, el\u00e9gedett \u00fcgyf\u00e9lk\u00f6r kialak\u00edt\u00e1sa. Hissz\u00fck, hogy eredm\u00e9nyek csak kem\u00e9ny \u00e9s c\u00e9ltudatos munk\u00e1val \u00e9rhet\u0151k el.","_hu_post_name":"magunkrol","_hu_post_excerpt":"","_hu_post_title":"Magunkr\u00f3l","_de_post_content":"<p style=\"font-weight: 100;\">Seit der Gr\u00fcndung in 2011 steht der Name Truck Logisztika f\u00fcr zuverl\u00e4ssige und flexible Transporte und Logistikleistungen. Unseren Leistungskatalog haben wie seitdem st\u00e4ndig erweitert.\u00a0 Die individuelle und partnerschaftliche Betreuung der gro\u00dfen und kleinen Kunden hat uns einen nachhaltig zufriedenen Kundenstamm aus den verschiedenen Bereichen beschert.<\/p>\r\n<p style=\"font-weight: 100;\">Unsere Spezialit\u00e4t sind die Teilladungen, Kurier- und Sonderfahrten. Wegen unserer geografischen Ungebundenheit k\u00f6nnen wir Ihnen Transporte europaweit anbieten.<\/p>","_de_post_name":"uber-uns-2","_de_post_excerpt":"","_de_post_title":"\u00dcber uns","_en_post_content":"<p style=\"font-weight: 100;\">Seit der Gr\u00fcndung in 2011 steht der Name Truck Logisztika f\u00fcr zuverl\u00e4ssige und flexible Transporte und Logistikleistungen. Unseren Leistungskatalog haben wie seitdem st\u00e4ndig erweitert.\u00a0 Die individuelle und partnerschaftliche Betreuung der gro\u00dfen und kleinen Kunden hat uns einen nachhaltig zufriedenen Kundenstamm aus den verschiedenen Bereichen beschert.<\/p>\r\n<p style=\"font-weight: 100;\">Unsere Spezialit\u00e4t sind die Teilladungen, Kurier- und Sonderfahrten. Wegen unserer geografischen Ungebundenheit k\u00f6nnen wir Ihnen Transporte europaweit anbieten.<\/p>","_en_post_name":"about-us-3","_en_post_excerpt":"","_en_post_title":"About us","edit_language":"en","footnotes":""},"class_list":["post-170","page","type-page","status-publish","hentry"],"_links":{"self":[{"href":"https:\/\/csrlog.com\/en\/wp-json\/wp\/v2\/pages\/170","targetHints":{"allow":["GET"]}}],"collection":[{"href":"https:\/\/csrlog.com\/en\/wp-json\/wp\/v2\/pages"}],"about":[{"href":"https:\/\/csrlog.com\/en\/wp-json\/wp\/v2\/types\/page"}],"author":[{"embeddable":true,"href":"https:\/\/csrlog.com\/en\/wp-json\/wp\/v2\/users\/1"}],"replies":[{"embeddable":true,"href":"https:\/\/csrlog.com\/en\/wp-json\/wp\/v2\/comments?post=170"}],"version-history":[{"count":3,"href":"https:\/\/csrlog.com\/en\/wp-json\/wp\/v2\/pages\/170\/revisions"}],"predecessor-version":[{"id":224,"href":"https:\/\/csrlog.com\/en\/wp-json\/wp\/v2\/pages\/170\/revisions\/224"}],"wp:attachment":[{"href":"https:\/\/csrlog.com\/en\/wp-json\/wp\/v2\/media?parent=170"}],"curies":[{"name":"wp","href":"https:\/\/api.w.org\/{rel}","templated":true}]}}