{"id":313,"date":"2017-09-21T20:41:47","date_gmt":"2017-09-21T20:41:47","guid":{"rendered":"http:\/\/csrlog.com\/?page_id=313"},"modified":"2017-09-21T20:41:47","modified_gmt":"2017-09-21T20:41:47","slug":"flotte","status":"publish","type":"page","link":"https:\/\/csrlog.com\/de\/flotte\/","title":{"rendered":"Flotte","raw":"Flotte"},"content":{"rendered":"<p><img loading=\"lazy\" decoding=\"async\" class=\"size-full wp-image-315 aligncenter\" src=\"http:\/\/csrlog.com\/wp-content\/uploads\/2017\/09\/21557685_1678852015480739_7645788082580417863_n.jpg\" alt=\"\" width=\"720\" height=\"960\" srcset=\"https:\/\/csrlog.com\/wp-content\/uploads\/2017\/09\/21557685_1678852015480739_7645788082580417863_n.jpg 720w, https:\/\/csrlog.com\/wp-content\/uploads\/2017\/09\/21557685_1678852015480739_7645788082580417863_n-225x300.jpg 225w\" sizes=\"auto, (max-width: 720px) 100vw, 720px\" \/><\/p>\n","protected":false,"raw":"<img class=\"size-full wp-image-315 aligncenter\" src=\"http:\/\/csrlog.com\/wp-content\/uploads\/2017\/09\/21557685_1678852015480739_7645788082580417863_n.jpg\" alt=\"\" width=\"720\" height=\"960\" \/>"},"excerpt":{"rendered":"","protected":false,"raw":""},"author":1,"featured_media":0,"parent":0,"menu_order":0,"comment_status":"closed","ping_status":"closed","template":"","meta":{"_hu_post_content":"<p style=\"text-align: center;\">C\u00e9g\u00fcnk korszer\u0171, modern g\u00e9pj\u00e1rm\u0171vekkel \u00e1ll partnereink rendelkez\u00e9s\u00e9re.<\/p>\r\n<img class=\"size-full wp-image-315 aligncenter\" src=\"http:\/\/csrlog.com\/wp-content\/uploads\/2017\/09\/21557685_1678852015480739_7645788082580417863_n.jpg\" alt=\"\" width=\"720\" height=\"960\" \/>","_hu_post_name":"flotta","_hu_post_excerpt":"","_hu_post_title":"Flotta","_de_post_content":"<img class=\"size-full wp-image-315 aligncenter\" src=\"http:\/\/csrlog.com\/wp-content\/uploads\/2017\/09\/21557685_1678852015480739_7645788082580417863_n.jpg\" alt=\"\" width=\"720\" height=\"960\" \/>","_de_post_name":"flotte","_de_post_excerpt":"","_de_post_title":"Flotte","_en_post_content":"<img class=\"size-full wp-image-315 aligncenter\" src=\"http:\/\/csrlog.com\/wp-content\/uploads\/2017\/09\/21557685_1678852015480739_7645788082580417863_n.jpg\" alt=\"\" width=\"720\" height=\"960\" \/>","_en_post_name":"fleet","_en_post_excerpt":"","_en_post_title":"Fleet","edit_language":"de","footnotes":""},"class_list":["post-313","page","type-page","status-publish","hentry"],"_links":{"self":[{"href":"https:\/\/csrlog.com\/de\/wp-json\/wp\/v2\/pages\/313","targetHints":{"allow":["GET"]}}],"collection":[{"href":"https:\/\/csrlog.com\/de\/wp-json\/wp\/v2\/pages"}],"about":[{"href":"https:\/\/csrlog.com\/de\/wp-json\/wp\/v2\/types\/page"}],"author":[{"embeddable":true,"href":"https:\/\/csrlog.com\/de\/wp-json\/wp\/v2\/users\/1"}],"replies":[{"embeddable":true,"href":"https:\/\/csrlog.com\/de\/wp-json\/wp\/v2\/comments?post=313"}],"version-history":[{"count":2,"href":"https:\/\/csrlog.com\/de\/wp-json\/wp\/v2\/pages\/313\/revisions"}],"predecessor-version":[{"id":316,"href":"https:\/\/csrlog.com\/de\/wp-json\/wp\/v2\/pages\/313\/revisions\/316"}],"wp:attachment":[{"href":"https:\/\/csrlog.com\/de\/wp-json\/wp\/v2\/media?parent=313"}],"curies":[{"name":"wp","href":"https:\/\/api.w.org\/{rel}","templated":true}]}}