{"id":172,"date":"2015-11-05T08:25:30","date_gmt":"2015-11-05T08:25:30","guid":{"rendered":"http:\/\/csrlog.com\/?page_id=172"},"modified":"2015-12-10T14:49:04","modified_gmt":"2015-12-10T14:49:04","slug":"unsere-partners","status":"publish","type":"page","link":"https:\/\/csrlog.com\/de\/unsere-partners\/","title":{"rendered":"Unsere Partners","raw":"Unsere Partners"},"content":{"rendered":"<p style=\"text-align: center;\">mit denen wir arbeiten<\/p>\n","protected":false,"raw":"<p style=\"text-align: center;\">mit denen wir arbeiten<\/p>"},"excerpt":{"rendered":"","protected":false,"raw":""},"author":1,"featured_media":0,"parent":0,"menu_order":0,"comment_status":"closed","ping_status":"closed","template":"","meta":{"_hu_post_content":"<p style=\"text-align: center;\">Partnereink k\u00f6z\u00f6tt sz\u00e1mos magyarorsz\u00e1gi \u00e9s multinacion\u00e1lis nagyv\u00e1llalat megtal\u00e1lhat\u00f3.<\/p>","_hu_post_name":"partnereink","_hu_post_excerpt":"","_hu_post_title":"Partnereink","_de_post_content":"<p style=\"text-align: center;\">mit denen wir arbeiten<\/p>","_de_post_name":"unsere-partners","_de_post_excerpt":"","_de_post_title":"Unsere Partners","_en_post_content":"<p style=\"text-align: center;\">we work with<\/p>","_en_post_name":"our-partners","_en_post_excerpt":"","_en_post_title":"Our partners","edit_language":"de","footnotes":""},"class_list":["post-172","page","type-page","status-publish","hentry"],"_links":{"self":[{"href":"https:\/\/csrlog.com\/de\/wp-json\/wp\/v2\/pages\/172","targetHints":{"allow":["GET"]}}],"collection":[{"href":"https:\/\/csrlog.com\/de\/wp-json\/wp\/v2\/pages"}],"about":[{"href":"https:\/\/csrlog.com\/de\/wp-json\/wp\/v2\/types\/page"}],"author":[{"embeddable":true,"href":"https:\/\/csrlog.com\/de\/wp-json\/wp\/v2\/users\/1"}],"replies":[{"embeddable":true,"href":"https:\/\/csrlog.com\/de\/wp-json\/wp\/v2\/comments?post=172"}],"version-history":[{"count":7,"href":"https:\/\/csrlog.com\/de\/wp-json\/wp\/v2\/pages\/172\/revisions"}],"predecessor-version":[{"id":269,"href":"https:\/\/csrlog.com\/de\/wp-json\/wp\/v2\/pages\/172\/revisions\/269"}],"wp:attachment":[{"href":"https:\/\/csrlog.com\/de\/wp-json\/wp\/v2\/media?parent=172"}],"curies":[{"name":"wp","href":"https:\/\/api.w.org\/{rel}","templated":true}]}}