{"id":168,"date":"2015-11-05T08:22:38","date_gmt":"2015-11-05T08:22:38","guid":{"rendered":"http:\/\/csrlog.com\/?page_id=168"},"modified":"2015-12-10T14:55:38","modified_gmt":"2015-12-10T14:55:38","slug":"kundenreferenzen","status":"publish","type":"page","link":"https:\/\/csrlog.com\/de\/kundenreferenzen\/","title":{"rendered":"Kundenreferenzen","raw":"Kundenreferenzen"},"content":{"rendered":"<p style=\"text-align: center;\">Zufriedene Kunden sind unsere beste Referenz.<\/p>\n","protected":false,"raw":"<p style=\"text-align: center;\">Zufriedene Kunden sind unsere beste Referenz.<\/p>"},"excerpt":{"rendered":"","protected":false,"raw":""},"author":1,"featured_media":0,"parent":0,"menu_order":0,"comment_status":"closed","ping_status":"closed","template":"","meta":{"_hu_post_content":"<p style=\"text-align: center;\">Al\u00e1bb p\u00e1r v\u00e9lem\u00e9nyt olvashat a vel\u00fcnk dolgoz\u00f3kt\u00f3l. A legjobb referencia az el\u00e9gedett \u00fcgyf\u00e9l!<\/p>","_hu_post_name":"rolunk-mondtak","_hu_post_excerpt":"","_hu_post_title":"R\u00f3lunk mondt\u00e1k","_de_post_content":"<p style=\"text-align: center;\">Zufriedene Kunden sind unsere beste Referenz.<\/p>","_de_post_name":"kundenreferenzen","_de_post_excerpt":"","_de_post_title":"Kundenreferenzen","_en_post_content":"<p style=\"text-align: center;\">The best reference is a satisfied customer!<\/p>","_en_post_name":"testimonials","_en_post_excerpt":"","_en_post_title":"Testimonials","edit_language":"de","footnotes":""},"class_list":["post-168","page","type-page","status-publish","hentry"],"_links":{"self":[{"href":"https:\/\/csrlog.com\/de\/wp-json\/wp\/v2\/pages\/168","targetHints":{"allow":["GET"]}}],"collection":[{"href":"https:\/\/csrlog.com\/de\/wp-json\/wp\/v2\/pages"}],"about":[{"href":"https:\/\/csrlog.com\/de\/wp-json\/wp\/v2\/types\/page"}],"author":[{"embeddable":true,"href":"https:\/\/csrlog.com\/de\/wp-json\/wp\/v2\/users\/1"}],"replies":[{"embeddable":true,"href":"https:\/\/csrlog.com\/de\/wp-json\/wp\/v2\/comments?post=168"}],"version-history":[{"count":6,"href":"https:\/\/csrlog.com\/de\/wp-json\/wp\/v2\/pages\/168\/revisions"}],"predecessor-version":[{"id":282,"href":"https:\/\/csrlog.com\/de\/wp-json\/wp\/v2\/pages\/168\/revisions\/282"}],"wp:attachment":[{"href":"https:\/\/csrlog.com\/de\/wp-json\/wp\/v2\/media?parent=168"}],"curies":[{"name":"wp","href":"https:\/\/api.w.org\/{rel}","templated":true}]}}