{"id":164,"date":"2015-11-05T08:16:23","date_gmt":"2015-11-05T08:16:23","guid":{"rendered":"http:\/\/csrlog.com\/?page_id=164"},"modified":"2015-12-10T14:41:01","modified_gmt":"2015-12-10T14:41:01","slug":"szolgaltatasok","status":"publish","type":"page","link":"https:\/\/csrlog.com\/de\/szolgaltatasok\/","title":{"rendered":"Leistungen","raw":"Leistungen"},"content":{"rendered":"<p>Diese Leistungen sind jederzeit abrufbar. \u00dcberlassen Sie uns ihre Aufgabenstellung. F\u00fcr Ihre Anfragen k\u00f6nnen Sie dazu unsere Kontakseite oder Anfrageformular verwenden nutzen.<\/p>\n<p>Hier sind <strong>unsere Leistungen<\/strong> f\u00fcr Sie:<\/p>\n<ul>\n<li><span lang=\"DE\">St\u00fcckgutsendungen national<\/span><\/li>\n<li><span lang=\"DE\">Teil- und Kompelttladungen national und international<\/span><\/li>\n<li><span lang=\"DE\">Kurier und Sonderfahrten<\/span><\/li>\n<li><span lang=\"DE\">Transportversicherung<\/span><\/li>\n<li><span lang=\"DE\">Zustellung mit Hebeb\u00fchnenfahrzeugen m\u00f6glich (nur national)<\/span><\/li>\n<li><span lang=\"DE\">Lagerung<\/span><\/li>\n<li><span lang=\"DE\">Beratung bei Kostenoptimierung im Logistikbereich<\/span><\/li>\n<\/ul>\n","protected":false,"raw":"Diese Leistungen sind jederzeit abrufbar. \u00dcberlassen Sie uns ihre Aufgabenstellung. F\u00fcr Ihre Anfragen k\u00f6nnen Sie dazu unsere Kontakseite oder Anfrageformular verwenden nutzen.\r\n\r\nHier sind <strong>unsere Leistungen<\/strong> f\u00fcr Sie:\r\n<ul>\r\n\t<li><span lang=\"DE\">St\u00fcckgutsendungen national<\/span><\/li>\r\n\t<li><span lang=\"DE\">Teil- und Kompelttladungen national und international<\/span><\/li>\r\n\t<li><span lang=\"DE\">Kurier und Sonderfahrten<\/span><\/li>\r\n\t<li><span lang=\"DE\">Transportversicherung<\/span><\/li>\r\n\t<li><span lang=\"DE\">Zustellung mit Hebeb\u00fchnenfahrzeugen m\u00f6glich (nur national)<\/span><\/li>\r\n\t<li><span lang=\"DE\">Lagerung<\/span><\/li>\r\n\t<li><span lang=\"DE\">Beratung bei Kostenoptimierung im Logistikbereich<\/span><\/li>\r\n<\/ul>"},"excerpt":{"rendered":"","protected":false,"raw":""},"author":1,"featured_media":0,"parent":0,"menu_order":0,"comment_status":"closed","ping_status":"closed","template":"","meta":{"_hu_post_content":"<p style=\"font-weight: 100;\">Megb\u00edzhat\u00f3, \u00e1lland\u00f3 szolg\u00e1ltat\u00e1si szintet ny\u00fajtunk \u00fcgyfeleinknek. Inform\u00e1ci\u00f3s rendszer\u00fcnk, a sz\u00e1m\u00edt\u00f3g\u00e9pes fuvark\u00f6vet\u00e9si \u00e9s nyilv\u00e1ntart\u00e1si rendszer\u00fcnk biztos\u00edtja, hogy megb\u00edz\u00f3ink ig\u00e9ny szerinti, naprak\u00e9sz \u00e9s pontos t\u00e1j\u00e9koztat\u00e1st kapjanak.<\/p>\r\n<p style=\"font-weight: 100;\"><b><strong>K\u00f6vetkez\u0151 szolg\u00e1ltat\u00e1sokat k\u00edn\u00e1ljuk:<\/strong><\/b><\/p>\r\n\r\n<ul style=\"font-weight: 100;\">\r\n\t<li>belf\u00f6ldi gy\u0171jt\u0151sz\u00e1ll\u00edtm\u00e1nyoz\u00e1s<\/li>\r\n\t<li>kist\u00e9tel\u0171 \u00a0\u00e1ruk, r\u00e9szrakom\u00e1nyok fuvaroz\u00e1sa 50 m3-ig illetve 6 tonn\u00e1ig<\/li>\r\n\t<li>24 \u00f3r\u00e1n bel\u00fcli expressz sz\u00e1ll\u00edt\u00e1s<\/li>\r\n\t<li>T\u00e1rol\u00e1s<\/li>\r\n\t<li>\u00c1ruk\u00e1rral kapcsolatos szakmai t\u00e1mogat\u00e1s<\/li>\r\n\t<li>Javaslatok a logisztikai folyamatainak k\u00f6lts\u00e9goptimaliz\u00e1l\u00e1s\u00e1ra<\/li>\r\n\t<li>Sz\u00e1ll\u00edt\u00e1si \u00e9s rakt\u00e1roz\u00e1si ig\u00e9nyek felm\u00e9r\u00e9se, optimaliz\u00e1l\u00e1s<\/li>\r\n<\/ul>\r\n<p style=\"font-weight: 100;\"><b><strong>K\u00fcldje el nek\u00fcnk ig\u00e9nyeit \u00e9s mi ennek megfelel\u0151en elk\u00e9sz\u00edtj\u00fck aj\u00e1nlatunkat.<\/strong><\/b><\/p>","_hu_post_name":"szolgaltatasok","_hu_post_excerpt":"","_hu_post_title":"Szolg\u00e1ltat\u00e1sok","_de_post_content":"Diese Leistungen sind jederzeit abrufbar. \u00dcberlassen Sie uns ihre Aufgabenstellung. F\u00fcr Ihre Anfragen k\u00f6nnen Sie dazu unsere Kontakseite oder Anfrageformular verwenden nutzen.\r\n\r\nHier sind <strong>unsere Leistungen<\/strong> f\u00fcr Sie:\r\n<ul>\r\n\t<li><span lang=\"DE\">St\u00fcckgutsendungen national<\/span><\/li>\r\n\t<li><span lang=\"DE\">Teil- und Kompelttladungen national und international<\/span><\/li>\r\n\t<li><span lang=\"DE\">Kurier und Sonderfahrten<\/span><\/li>\r\n\t<li><span lang=\"DE\">Transportversicherung<\/span><\/li>\r\n\t<li><span lang=\"DE\">Zustellung mit Hebeb\u00fchnenfahrzeugen m\u00f6glich (nur national)<\/span><\/li>\r\n\t<li><span lang=\"DE\">Lagerung<\/span><\/li>\r\n\t<li><span lang=\"DE\">Beratung bei Kostenoptimierung im Logistikbereich<\/span><\/li>\r\n<\/ul>","_de_post_name":"szolgaltatasok","_de_post_excerpt":"","_de_post_title":"Leistungen","_en_post_content":"Diese Leistungen sind jederzeit abrufbar. \u00dcberlassen Sie uns ihre Aufgabenstellung. F\u00fcr Ihre Anfragen k\u00f6nnen Sie dazu unsere Kontakseite oder Anfrageformular verwenden nutzen.\r\n\r\nHier sind <strong>unsere Leistungen<\/strong> f\u00fcr Sie:\r\n<ul>\r\n\t<li><span lang=\"DE\">St\u00fcckgutsendungen national<\/span><\/li>\r\n\t<li><span lang=\"DE\">Teil- und Kompelttladungen national und international<\/span><\/li>\r\n\t<li><span lang=\"DE\">Kurier und Sonderfahrten<\/span><\/li>\r\n\t<li><span lang=\"DE\">Transportversicherung<\/span><\/li>\r\n\t<li><span lang=\"DE\">Zustellung mit Hebeb\u00fchnenfahrzeugen m\u00f6glich (nur national)<\/span><\/li>\r\n\t<li><span lang=\"DE\">Lagerung<\/span><\/li>\r\n\t<li><span lang=\"DE\">Beratung bei Kostenoptimierung im Logistikbereich<\/span><\/li>\r\n<\/ul>","_en_post_name":"services","_en_post_excerpt":"","_en_post_title":"Services","edit_language":"de","footnotes":""},"class_list":["post-164","page","type-page","status-publish","hentry"],"_links":{"self":[{"href":"https:\/\/csrlog.com\/de\/wp-json\/wp\/v2\/pages\/164","targetHints":{"allow":["GET"]}}],"collection":[{"href":"https:\/\/csrlog.com\/de\/wp-json\/wp\/v2\/pages"}],"about":[{"href":"https:\/\/csrlog.com\/de\/wp-json\/wp\/v2\/types\/page"}],"author":[{"embeddable":true,"href":"https:\/\/csrlog.com\/de\/wp-json\/wp\/v2\/users\/1"}],"replies":[{"embeddable":true,"href":"https:\/\/csrlog.com\/de\/wp-json\/wp\/v2\/comments?post=164"}],"version-history":[{"count":4,"href":"https:\/\/csrlog.com\/de\/wp-json\/wp\/v2\/pages\/164\/revisions"}],"predecessor-version":[{"id":238,"href":"https:\/\/csrlog.com\/de\/wp-json\/wp\/v2\/pages\/164\/revisions\/238"}],"wp:attachment":[{"href":"https:\/\/csrlog.com\/de\/wp-json\/wp\/v2\/media?parent=164"}],"curies":[{"name":"wp","href":"https:\/\/api.w.org\/{rel}","templated":true}]}}